{"id":988,"date":"2024-02-25T03:07:55","date_gmt":"2024-02-25T02:07:55","guid":{"rendered":"https:\/\/sagoca.com\/?post_type=product&#038;p=988"},"modified":"2024-07-19T11:40:27","modified_gmt":"2024-07-19T09:40:27","slug":"neceser7-toallitas-desmaquillantes-corazones","status":"publish","type":"product","link":"https:\/\/sagoca.com\/en\/product\/neceser7-toallitas-desmaquillantes-corazones\/","title":{"rendered":"Neceser+7 Toallitas desmaquillantes Corazones"},"content":{"rendered":"<h4>Este Pack est\u00e1 formado por Neceser+7 Toallitas desmaquillantes totalmente a juego.<\/h4>\n<h4>Un precioso combo listo para personalizar gracias a las dos telas del Neceser, con el tama\u00f1o perfecto para poder llevar de todo lo que necesites para maquillarte e incluso desmaquillarte.<\/h4>\n<h4>Gracias a sus toallitas con telas de algod\u00f3n y de fibras de bamb\u00fa con una suavidad extra hace de este conjunto un regalo ideal para cualquier edad. Para rizar el rizo puedes incluir un Cintillo desmaquillante apto para el m\u00e9todo Curly\u00a0 y\/o un gacnho para colgar las toallitas y secar de manera f\u00e1cil e higi\u00e9nica, ambos art\u00edculos podr\u00e1s encontrarlos en la web.<\/h4>\n<h4>Todo creado de manera delicada para esos regalos y autoregalos donde prima el dar gusto y cuidado personal.<\/h4>\n<hr \/>\n<p>CARACTER\u00cdSTICAS:<\/p>\n<ul>\n<li>Telas 100% algod\u00f3n y de fibra de bamb\u00fa con certificado OEKO-TEX.<\/li>\n<li>Tela inferior externa de un \u00fanico color, preparada para personalizar.<\/li>\n<li>Las toallitas se pueden lavar con jab\u00f3n de manos, frotar un poquito y se recomienda colgar en el gancho para un mejor secado.<\/li>\n<li>Se pueden lavar a m\u00e1quina.<\/li>\n<\/ul>\n<p>MEDIDAS aproximadas:<\/p>\n<ul>\n<li>Neceser: En la base 23 cm de ancho, 17 cm de alto y 8 cm de profundidad. En la boca (cremallera) 18 cm de ancho.<\/li>\n<li>Toallitas 8&#215;8 cm<\/li>\n<\/ul>\n<p>*Al ser un estampado puede variar discretamente de la versi\u00f3n de la foto de muestra.<\/p>\n<p>**El forro puede variar seg\u00fan stock, pero siempre se pondr\u00e1 uno acorde a los colores de las telas exteriores.<\/p>\n<p><strong>Todos nuestros art\u00edculos se confeccionan uno a uno de manera artesanal.<\/strong><\/p>\n<p><strong>Todos nuestros art\u00edculos se pueden PERSONALIZAR (para coger ideas consultar la carperta ART\u00cdCULOS PERSONALIZADOS)<\/strong><\/p>","protected":false},"excerpt":{"rendered":"<h4>Este Pack est\u00e1 formado por Neceser+7 Toallitas desmaquillantes totalmente a juego.<\/h4>\n<h4>Un precioso combo listo para personalizar gracias a las dos telas del Neceser, con el tama\u00f1o perfecto para poder llevar de todo lo que necesites para maquillarte e incluso desmaquillarte.<\/h4>\n<h4>Gracias a sus toallitas con telas de algod\u00f3n y de fibras de bamb\u00fa con una suavidad extra hace de este conjunto un regalo ideal para cualquier edad. Para rizar el rizo puedes incluir un Cintillo desmaquillante apto para el m\u00e9todo Curly\u00a0 y\/o un gacnho para colgar las toallitas y secar de manera f\u00e1cil e higi\u00e9nica, ambos art\u00edculos podr\u00e1s encontrarlos en la web.<\/h4>\n<h4>Todo creado de manera delicada para esos regalos y autoregalos donde prima el dar gusto y cuidado personal.<\/h4>","protected":false},"featured_media":0,"comment_status":"closed","ping_status":"closed","template":"","meta":[],"product_brand":[],"product_cat":[135],"product_tag":[68,71,69],"class_list":{"0":"post-988","1":"product","2":"type-product","3":"status-publish","5":"product_cat-totes-y-bolsos","6":"product_tag-neceseres","7":"product_tag-tela-fibra-de-bambu","8":"product_tag-toallitas-desmaquillantes","10":"first","11":"instock","12":"shipping-taxable","13":"purchasable","14":"product-type-simple"},"_links":{"self":[{"href":"https:\/\/sagoca.com\/en\/wp-json\/wp\/v2\/product\/988","targetHints":{"allow":["GET"]}}],"collection":[{"href":"https:\/\/sagoca.com\/en\/wp-json\/wp\/v2\/product"}],"about":[{"href":"https:\/\/sagoca.com\/en\/wp-json\/wp\/v2\/types\/product"}],"replies":[{"embeddable":true,"href":"https:\/\/sagoca.com\/en\/wp-json\/wp\/v2\/comments?post=988"}],"wp:attachment":[{"href":"https:\/\/sagoca.com\/en\/wp-json\/wp\/v2\/media?parent=988"}],"wp:term":[{"taxonomy":"product_brand","embeddable":true,"href":"https:\/\/sagoca.com\/en\/wp-json\/wp\/v2\/product_brand?post=988"},{"taxonomy":"product_cat","embeddable":true,"href":"https:\/\/sagoca.com\/en\/wp-json\/wp\/v2\/product_cat?post=988"},{"taxonomy":"product_tag","embeddable":true,"href":"https:\/\/sagoca.com\/en\/wp-json\/wp\/v2\/product_tag?post=988"}],"curies":[{"name":"wp","href":"https:\/\/api.w.org\/{rel}","templated":true}]}}