{"id":937,"date":"2024-02-25T01:51:34","date_gmt":"2024-02-25T00:51:34","guid":{"rendered":"https:\/\/sagoca.com\/?post_type=product&#038;p=937"},"modified":"2024-07-19T11:40:27","modified_gmt":"2024-07-19T09:40:27","slug":"necesser-flores-tostado","status":"publish","type":"product","link":"https:\/\/sagoca.com\/en\/product\/necesser-flores-tostado\/","title":{"rendered":"Necesser Flores Tostado"},"content":{"rendered":"<h4>Un precioso Neceser listo para personalizar gracias a las dos telas de su dise\u00f1o.<\/h4>\n<h4>Con el tama\u00f1o perfecto para poder llevar de todo lo que necesites para: las cremas, el maquillaje, ropa interior o incluso para un guardatodo para llevar de bolso en bolso y as\u00ed no olvidar nada.<\/h4>\n<h4>Un regalo que puedes a\u00f1adirle un pack de 7 toallitas desmaquillantes y\/o cintillo desmaquillante que podr\u00e1s encontrar en la web.<\/h4>\n<h4>Cierre de cremallera con una medalla de madera.<\/h4>\n<h4>Disponible en varios estampados.<\/h4>\n<hr \/>\n<p>CARACTER\u00cdSTICAS:<\/p>\n<ul>\n<li>Telas 100% algod\u00f3n con certificado OEKO-TEX.<\/li>\n<li>Tela inferior externa de un \u00fanico color, preparada para personalizar.<\/li>\n<li>Se pueden lavar a m\u00e1quina.<\/li>\n<\/ul>\n<p>MEDIDAS aproximadas:<\/p>\n<ul>\n<li>Neceser: En la base 23 cm de ancho, 17 cm de alto y 8 cm de profundidad. En la boca (cremallera) 18 cm de ancho.<\/li>\n<\/ul>\n<p>*Al ser un estampado puede variar discretamente de la versi\u00f3n de la foto de muestra.<\/p>\n<p>**El forro puede variar seg\u00fan stock, pero siempre se pondr\u00e1 uno acorde a los colores de las telas exteriores.<\/p>\n<p><strong>Todos nuestros art\u00edculos se confeccionan uno a uno de manera artesanal.<\/strong><\/p>\n<p><strong>Todos nuestros art\u00edculos se pueden PERSONALIZAR (para coger ideas consultar la carperta ART\u00cdCULOS PERSONALIZADOS)<\/strong><\/p>","protected":false},"excerpt":{"rendered":"<h4>Un precioso Neceser listo para personalizar gracias a las dos telas de su dise\u00f1o.<\/h4>\n<h4>Con el tama\u00f1o perfecto para poder llevar de todo lo que necesites para el cambio del pa\u00f1al de tu beb\u00e9.<\/h4>\n<h4>Cierre de cremallera con una medalla de madera.<\/h4>\n<h4>Disponible en varios estampados que podr\u00e1s ver en la web.<\/h4>","protected":false},"featured_media":0,"comment_status":"closed","ping_status":"closed","template":"","meta":[],"product_brand":[],"product_cat":[135],"product_tag":[68],"class_list":{"0":"post-937","1":"product","2":"type-product","3":"status-publish","5":"product_cat-totes-y-bolsos","6":"product_tag-neceseres","8":"first","9":"instock","10":"shipping-taxable","11":"purchasable","12":"product-type-simple"},"_links":{"self":[{"href":"https:\/\/sagoca.com\/en\/wp-json\/wp\/v2\/product\/937","targetHints":{"allow":["GET"]}}],"collection":[{"href":"https:\/\/sagoca.com\/en\/wp-json\/wp\/v2\/product"}],"about":[{"href":"https:\/\/sagoca.com\/en\/wp-json\/wp\/v2\/types\/product"}],"replies":[{"embeddable":true,"href":"https:\/\/sagoca.com\/en\/wp-json\/wp\/v2\/comments?post=937"}],"wp:attachment":[{"href":"https:\/\/sagoca.com\/en\/wp-json\/wp\/v2\/media?parent=937"}],"wp:term":[{"taxonomy":"product_brand","embeddable":true,"href":"https:\/\/sagoca.com\/en\/wp-json\/wp\/v2\/product_brand?post=937"},{"taxonomy":"product_cat","embeddable":true,"href":"https:\/\/sagoca.com\/en\/wp-json\/wp\/v2\/product_cat?post=937"},{"taxonomy":"product_tag","embeddable":true,"href":"https:\/\/sagoca.com\/en\/wp-json\/wp\/v2\/product_tag?post=937"}],"curies":[{"name":"wp","href":"https:\/\/api.w.org\/{rel}","templated":true}]}}