{"id":682,"date":"2024-02-01T12:29:10","date_gmt":"2024-02-01T11:29:10","guid":{"rendered":"https:\/\/sagoca.com\/?post_type=product&#038;p=682"},"modified":"2024-09-20T08:46:49","modified_gmt":"2024-09-20T06:46:49","slug":"cuelga-movil-jirafa","status":"publish","type":"product","link":"https:\/\/sagoca.com\/en\/product\/cuelga-movil-jirafa\/","title":{"rendered":"Cuelga m\u00f3vil Jirafa"},"content":{"rendered":"<h4>Cuelga m\u00f3vil de tela con doble enganche y dos estampados. Adem\u00e1s de este uso se le puede dar muchos m\u00e1s: cuelga credenciales, cuelga llaves, sujeta mascarillas, encuentra tijeras, como accesorio para material sanitario&#8230;<\/h4>\n<p>*Disponible para acompa\u00f1ar con un adaptador universal a elecci\u00f3n entre pl\u00e1stico transparente o tela (ver dentro de la misma secci\u00f3n en la web).<\/p>\n<hr \/>\n<p>CARACTER\u00cdSTICAS:<\/p>\n<ul>\n<li>Telas de algod\u00f3n con certificados oeko-tex.<\/li>\n<li>Doble enganche para usar en carcasas para IPHONE o ANDROID.<\/li>\n<li>Medida de largo de 1m y 2,5cm de ancho aproximadamente.<\/li>\n<li>No es regulable, para hacerlo as\u00ed p\u00f3ngase en contacto a trav\u00e9s de la carpeta contacto.<\/li>\n<\/ul>\n<p>RECOMENDACIONES:<\/p>\n<ul>\n<li><span class=\"OYPEnA text-decoration-none text-strikethrough-none\">Se puede lavar en lavadora, a temperatura fr\u00eda para una mayor durabilidad de materiales y colores.\u00a0<\/span><\/li>\n<li>Se puede secar en secadora, aunque se recomienda dejar secar al aire para evitar que se deteriore el art\u00edculo.<\/li>\n<\/ul>\n<p>*Al ser un estampado puede variar discretamente de la versi\u00f3n de la foto de muestra.<\/p>\n<p>Todos nuestros art\u00edculos se confeccionan una a uno de manera artesanal.<\/p>\n<p>Todos nuestros art\u00edculos se pueden PERSONALIZAR (para ver opciones consultar la carperta ART\u00cdCULOS PERSONALIZADOS)<\/p>","protected":false},"excerpt":{"rendered":"<h4>Cuelga m\u00f3vil de tela con doble enganche y dos estampados. Adem\u00e1s de este uso se le puede dar muchos m\u00e1s: cuelga credenciales, cuelga llaves, sujeta mascarillas, encuentra tijeras, como accesorio para material sanitario&#8230;<\/h4>\n<p>*Disponible para acompa\u00f1ar con un adaptador universal a elecci\u00f3n entre pl\u00e1stico transparente o tela (ver dentro de la misma secci\u00f3n en la web).<\/p>","protected":false},"featured_media":0,"comment_status":"closed","ping_status":"closed","template":"","meta":[],"product_brand":[],"product_cat":[31,135],"product_tag":[102,90],"class_list":{"0":"post-682","1":"product","2":"type-product","3":"status-publish","5":"product_cat-articulos-personalizados","6":"product_cat-totes-y-bolsos","7":"product_tag-cuelga-llaves","8":"product_tag-cuelga-movil","10":"first","11":"instock","12":"shipping-taxable","13":"purchasable","14":"product-type-simple"},"_links":{"self":[{"href":"https:\/\/sagoca.com\/en\/wp-json\/wp\/v2\/product\/682","targetHints":{"allow":["GET"]}}],"collection":[{"href":"https:\/\/sagoca.com\/en\/wp-json\/wp\/v2\/product"}],"about":[{"href":"https:\/\/sagoca.com\/en\/wp-json\/wp\/v2\/types\/product"}],"replies":[{"embeddable":true,"href":"https:\/\/sagoca.com\/en\/wp-json\/wp\/v2\/comments?post=682"}],"wp:attachment":[{"href":"https:\/\/sagoca.com\/en\/wp-json\/wp\/v2\/media?parent=682"}],"wp:term":[{"taxonomy":"product_brand","embeddable":true,"href":"https:\/\/sagoca.com\/en\/wp-json\/wp\/v2\/product_brand?post=682"},{"taxonomy":"product_cat","embeddable":true,"href":"https:\/\/sagoca.com\/en\/wp-json\/wp\/v2\/product_cat?post=682"},{"taxonomy":"product_tag","embeddable":true,"href":"https:\/\/sagoca.com\/en\/wp-json\/wp\/v2\/product_tag?post=682"}],"curies":[{"name":"wp","href":"https:\/\/api.w.org\/{rel}","templated":true}]}}