{"id":586,"date":"2024-01-31T09:15:58","date_gmt":"2024-01-31T08:15:58","guid":{"rendered":"https:\/\/sagoca.com\/?post_type=product&#038;p=586"},"modified":"2024-09-20T17:34:42","modified_gmt":"2024-09-20T15:34:42","slug":"cuellos-buff-cohetes","status":"publish","type":"product","link":"https:\/\/sagoca.com\/en\/product\/cuellos-buff-cohetes\/","title":{"rendered":"Cuello Buff Cohetes"},"content":{"rendered":"<h4>Si hay un accesorio que no debe faltar en d\u00edas de fr\u00edo son nuestros Cuellos Buff o cuellos calentitos. Es un inprescindible para no caer malitos o malitas con la garganta, adem\u00e1s como llevan tela de coralina donde rozan la cara, es s\u00faper agradable y dan sesaci\u00f3n de calor.<\/h4>\n<hr \/>\n<p>CARACTER\u00cdSTICAS:<\/p>\n<ul>\n<li>Talla: desde 4 a\u00f1os hasta adultos, dependiendo de la edad quedar\u00e1n m\u00e1s ajustado u holgado.<\/li>\n<li>Medida: 22x46cm aproximadamente (medida no est\u00e1ndar).<\/li>\n<li>Tela exterior el\u00e1stica con certificado oeko-tex.<\/li>\n<li>Tela interior de coralina.<\/li>\n<\/ul>\n<p>RECOMENDACIONES:<\/p>\n<ul>\n<li><span class=\"OYPEnA text-decoration-none text-strikethrough-none\">Se puede lavar en lavadora, a temperatura fr\u00eda para una mayor durabilidad de materiales y colores.\u00a0<\/span><\/li>\n<li>Se puede meter en secadora.<\/li>\n<\/ul>\n<p>*Al ser tela estampada puede variar discretamente del de la foto de muestra.<\/p>\n<p><strong>Todos nuestros art\u00edculos se confeccionan uno a uno de manera artesanal.<\/strong><\/p>\n<p><strong>Todos nuestros art\u00edculos se pueden PERSONALIZAR (para ver opciones consultar la carperta ART\u00cdCULOS PERSONALIZADOS)<\/strong><\/p>","protected":false},"excerpt":{"rendered":"<h4>Si hay un accesorio que no debe faltar en d\u00edas de fr\u00edo son nuestros Cuellos Buff o cuellos calentitos. Es un inprescindible para no caer malitos o malitas con la garganta, adem\u00e1s como llevan tela de coralina donde rozan la cara, es s\u00faper agradable y dan sesaci\u00f3n de calor.<\/h4>\n<p>&nbsp;<\/p>\n<p>&nbsp;<\/p>","protected":false},"featured_media":611,"comment_status":"closed","ping_status":"closed","template":"","meta":[],"product_brand":[],"product_cat":[136],"product_tag":[92,93],"class_list":{"0":"post-586","1":"product","2":"type-product","3":"status-publish","4":"has-post-thumbnail","6":"product_cat-complementos","7":"product_tag-cuellos-buff","8":"product_tag-cuellos-calentitos","10":"first","11":"instock","12":"shipping-taxable","13":"purchasable","14":"product-type-simple"},"_links":{"self":[{"href":"https:\/\/sagoca.com\/en\/wp-json\/wp\/v2\/product\/586","targetHints":{"allow":["GET"]}}],"collection":[{"href":"https:\/\/sagoca.com\/en\/wp-json\/wp\/v2\/product"}],"about":[{"href":"https:\/\/sagoca.com\/en\/wp-json\/wp\/v2\/types\/product"}],"replies":[{"embeddable":true,"href":"https:\/\/sagoca.com\/en\/wp-json\/wp\/v2\/comments?post=586"}],"wp:featuredmedia":[{"embeddable":true,"href":"https:\/\/sagoca.com\/en\/wp-json\/wp\/v2\/media\/611"}],"wp:attachment":[{"href":"https:\/\/sagoca.com\/en\/wp-json\/wp\/v2\/media?parent=586"}],"wp:term":[{"taxonomy":"product_brand","embeddable":true,"href":"https:\/\/sagoca.com\/en\/wp-json\/wp\/v2\/product_brand?post=586"},{"taxonomy":"product_cat","embeddable":true,"href":"https:\/\/sagoca.com\/en\/wp-json\/wp\/v2\/product_cat?post=586"},{"taxonomy":"product_tag","embeddable":true,"href":"https:\/\/sagoca.com\/en\/wp-json\/wp\/v2\/product_tag?post=586"}],"curies":[{"name":"wp","href":"https:\/\/api.w.org\/{rel}","templated":true}]}}