{"id":559,"date":"2024-01-30T11:51:07","date_gmt":"2024-01-30T10:51:07","guid":{"rendered":"https:\/\/sagoca.com\/?post_type=product&#038;p=559"},"modified":"2024-09-20T17:35:56","modified_gmt":"2024-09-20T15:35:56","slug":"cuellos-buff-gotas","status":"publish","type":"product","link":"https:\/\/sagoca.com\/en\/product\/cuellos-buff-gotas\/","title":{"rendered":"Cuello Buff Gotas"},"content":{"rendered":"<h4>Si hay un accesorio que no debe faltar en d\u00edas de fr\u00edo son nuestros Cuellos Buff o cuellos calentitos. Es un inprescindible para no caer malitos o malitas con la garganta, adem\u00e1s como llevan tela de coralina donde rozan la cara, es s\u00faper agradable y dan sesaci\u00f3n de calor.<\/h4>\n<hr \/>\n<p>CARACTER\u00cdSTICAS:<\/p>\n<ul>\n<li>Talla: desde 4 a\u00f1os hasta adultos, dependiendo de la edad quedar\u00e1 m\u00e1s ajustado.<\/li>\n<li>Medida: 22x46cm aproximadamente (medida no est\u00e1ndar).<\/li>\n<li>Tela exterior el\u00e1stica con certificado oeko-tex.<\/li>\n<li>Tela interior de coralina.<\/li>\n<\/ul>\n<p>RECOMENDACIONES:<\/p>\n<ul>\n<li><span class=\"OYPEnA text-decoration-none text-strikethrough-none\">Se puede lavar en lavadora, a temperatura fr\u00eda para una mayor durabilidad de materiales y colores.\u00a0<\/span><\/li>\n<li>Se puede meter en secadora.<\/li>\n<\/ul>\n<p>*Al ser tela estampada puede variar discretamente del de la foto de muestra.<\/p>\n<p><strong>Todos nuestros art\u00edculos se confeccionan uno a uno de manera artesanal.<\/strong><\/p>\n<p><strong>Todos nuestros art\u00edculos se pueden PERSONALIZAR (para ver opciones consultar la carperta ART\u00cdCULOS PERSONALIZADOS)<\/strong><\/p>","protected":false},"excerpt":{"rendered":"<h4>Si hay un accesorio que no debe faltar en d\u00edas de fr\u00edo son nuestros Cuellos Buff o cuellos calentitos. Es un inprescindible para no caer malitos o malitas con la garganta, adem\u00e1s como llevan tela de coralina donde rozan la cara, es s\u00faper agradable y dan sesaci\u00f3n de calor.<\/h4>\n<p>&nbsp;<\/p>","protected":false},"featured_media":0,"comment_status":"closed","ping_status":"closed","template":"","meta":[],"product_brand":[],"product_cat":[136],"product_tag":[92,93],"class_list":{"0":"post-559","1":"product","2":"type-product","3":"status-publish","5":"product_cat-complementos","6":"product_tag-cuellos-buff","7":"product_tag-cuellos-calentitos","9":"first","10":"instock","11":"shipping-taxable","12":"purchasable","13":"product-type-simple"},"_links":{"self":[{"href":"https:\/\/sagoca.com\/en\/wp-json\/wp\/v2\/product\/559","targetHints":{"allow":["GET"]}}],"collection":[{"href":"https:\/\/sagoca.com\/en\/wp-json\/wp\/v2\/product"}],"about":[{"href":"https:\/\/sagoca.com\/en\/wp-json\/wp\/v2\/types\/product"}],"replies":[{"embeddable":true,"href":"https:\/\/sagoca.com\/en\/wp-json\/wp\/v2\/comments?post=559"}],"wp:attachment":[{"href":"https:\/\/sagoca.com\/en\/wp-json\/wp\/v2\/media?parent=559"}],"wp:term":[{"taxonomy":"product_brand","embeddable":true,"href":"https:\/\/sagoca.com\/en\/wp-json\/wp\/v2\/product_brand?post=559"},{"taxonomy":"product_cat","embeddable":true,"href":"https:\/\/sagoca.com\/en\/wp-json\/wp\/v2\/product_cat?post=559"},{"taxonomy":"product_tag","embeddable":true,"href":"https:\/\/sagoca.com\/en\/wp-json\/wp\/v2\/product_tag?post=559"}],"curies":[{"name":"wp","href":"https:\/\/api.w.org\/{rel}","templated":true}]}}