{"id":557,"date":"2024-01-30T11:48:36","date_gmt":"2024-01-30T10:48:36","guid":{"rendered":"https:\/\/sagoca.com\/?post_type=product&#038;p=557"},"modified":"2024-07-19T11:48:18","modified_gmt":"2024-07-19T09:48:18","slug":"cuellos-buff-flores-amarillas","status":"publish","type":"product","link":"https:\/\/sagoca.com\/en\/product\/cuellos-buff-flores-amarillas\/","title":{"rendered":"Cuello Buff Flores amarillas"},"content":{"rendered":"<p>Cuello buff con tela el\u00e1stica por la cara externa y tela de coralina por la parte interior. Calentito y s\u00faper agradable al tacto.<\/p>\n<p>Talla: desde 4 a\u00f1os hasta adultos, dependiendo de la edad quedar\u00e1 m\u00e1s ajustado.<\/p>\n<p>Medida:\u00a0 20x50cm<\/p>\n<p>Recomendaciones:<\/p>\n<ul>\n<li><span class=\"OYPEnA text-decoration-none text-strikethrough-none\">Se puede lavar en lavadora, a temperatura fr\u00eda para una mayor durabilidad de materiales y colores.\u00a0<\/span><\/li>\n<li>Se puede meter en secadora.<\/li>\n<li><span class=\"OYPEnA text-decoration-none text-strikethrough-none\">Se puede planchar.\u00a0<\/span><\/li>\n<li><span class=\"OYPEnA text-decoration-none text-strikethrough-none\">Cualquier problema o duda p\u00f3ngase en contacto.<\/span><\/li>\n<li>RECORDAR QUE ES UN ART\u00cdCULO ARTESANAL<\/li>\n<\/ul>","protected":false},"excerpt":{"rendered":"<p>Cuello buff con tela el\u00e1stica por la cara externa y tela de coralina por la parte interior. Calentito y s\u00faper agradable al tacto.<\/p>","protected":false},"featured_media":0,"comment_status":"closed","ping_status":"closed","template":"","meta":[],"product_brand":[],"product_cat":[31,135],"product_tag":[92,93],"class_list":{"0":"post-557","1":"product","2":"type-product","3":"status-publish","5":"product_cat-articulos-personalizados","6":"product_cat-totes-y-bolsos","7":"product_tag-cuellos-buff","8":"product_tag-cuellos-calentitos","10":"first","11":"instock","12":"shipping-taxable","13":"purchasable","14":"product-type-simple"},"_links":{"self":[{"href":"https:\/\/sagoca.com\/en\/wp-json\/wp\/v2\/product\/557","targetHints":{"allow":["GET"]}}],"collection":[{"href":"https:\/\/sagoca.com\/en\/wp-json\/wp\/v2\/product"}],"about":[{"href":"https:\/\/sagoca.com\/en\/wp-json\/wp\/v2\/types\/product"}],"replies":[{"embeddable":true,"href":"https:\/\/sagoca.com\/en\/wp-json\/wp\/v2\/comments?post=557"}],"wp:attachment":[{"href":"https:\/\/sagoca.com\/en\/wp-json\/wp\/v2\/media?parent=557"}],"wp:term":[{"taxonomy":"product_brand","embeddable":true,"href":"https:\/\/sagoca.com\/en\/wp-json\/wp\/v2\/product_brand?post=557"},{"taxonomy":"product_cat","embeddable":true,"href":"https:\/\/sagoca.com\/en\/wp-json\/wp\/v2\/product_cat?post=557"},{"taxonomy":"product_tag","embeddable":true,"href":"https:\/\/sagoca.com\/en\/wp-json\/wp\/v2\/product_tag?post=557"}],"curies":[{"name":"wp","href":"https:\/\/api.w.org\/{rel}","templated":true}]}}