{"id":492,"date":"2023-12-05T09:08:22","date_gmt":"2023-12-05T08:08:22","guid":{"rendered":"https:\/\/sagoca.com\/?post_type=product&#038;p=492"},"modified":"2024-07-19T11:49:11","modified_gmt":"2024-07-19T09:49:11","slug":"llaveros-identificativos-y-alergias","status":"publish","type":"product","link":"https:\/\/sagoca.com\/en\/product\/llaveros-identificativos-y-alergias\/","title":{"rendered":"Llaveros identificativos y alerg\u00edas"},"content":{"rendered":"<p>Laveros identificatvos y alerg\u00edas, tambi\u00e9n se pueden poner enfermedades, intolerancias o trastornos.<\/p>\n<p>Son llaveros de manera que se pueden colar o bien en mochilas o en las bolsas de la merienda que tambi\u00e9n ten\u00e9is disponibles de la marca en la web.<\/p>\n<p>Por una cara llevar\u00eda la informaci\u00f3n destacable y por el otro el nombre del o de la peque\u00f1a.<\/p>\n<p>Apta para enfermedades o trastornos que deban tenerse en cuenta y quer\u00e1is que se informe de una manera bonita y diferente.<\/p>\n<p>&nbsp;<\/p>","protected":false},"excerpt":{"rendered":"<p>Laveros identificatvos y alerg\u00edas, tambi\u00e9n se pueden poner enfermedades, intolerancias o trastornos.<\/p>\n<p>Son llaveros de manera que se pueden colar o bien en mochilas o en las bolsas de la merienda que tambi\u00e9n ten\u00e9is disponibles de la marca en la web.<\/p>","protected":false},"featured_media":494,"comment_status":"closed","ping_status":"closed","template":"","meta":[],"product_brand":[],"product_cat":[31,136],"product_tag":[100,99,98,101],"class_list":{"0":"post-492","1":"product","2":"type-product","3":"status-publish","4":"has-post-thumbnail","6":"product_cat-articulos-personalizados","7":"product_cat-complementos","8":"product_tag-alergias","9":"product_tag-llaveros","10":"product_tag-madera","11":"product_tag-vuelta-al-cole","13":"first","14":"instock","15":"shipping-taxable","16":"purchasable","17":"product-type-simple"},"_links":{"self":[{"href":"https:\/\/sagoca.com\/en\/wp-json\/wp\/v2\/product\/492","targetHints":{"allow":["GET"]}}],"collection":[{"href":"https:\/\/sagoca.com\/en\/wp-json\/wp\/v2\/product"}],"about":[{"href":"https:\/\/sagoca.com\/en\/wp-json\/wp\/v2\/types\/product"}],"replies":[{"embeddable":true,"href":"https:\/\/sagoca.com\/en\/wp-json\/wp\/v2\/comments?post=492"}],"wp:featuredmedia":[{"embeddable":true,"href":"https:\/\/sagoca.com\/en\/wp-json\/wp\/v2\/media\/494"}],"wp:attachment":[{"href":"https:\/\/sagoca.com\/en\/wp-json\/wp\/v2\/media?parent=492"}],"wp:term":[{"taxonomy":"product_brand","embeddable":true,"href":"https:\/\/sagoca.com\/en\/wp-json\/wp\/v2\/product_brand?post=492"},{"taxonomy":"product_cat","embeddable":true,"href":"https:\/\/sagoca.com\/en\/wp-json\/wp\/v2\/product_cat?post=492"},{"taxonomy":"product_tag","embeddable":true,"href":"https:\/\/sagoca.com\/en\/wp-json\/wp\/v2\/product_tag?post=492"}],"curies":[{"name":"wp","href":"https:\/\/api.w.org\/{rel}","templated":true}]}}