{"id":482,"date":"2023-12-05T08:53:25","date_gmt":"2023-12-05T07:53:25","guid":{"rendered":"https:\/\/sagoca.com\/?post_type=product&#038;p=482"},"modified":"2024-08-13T12:00:12","modified_gmt":"2024-08-13T10:00:12","slug":"cajas-de-10-canas-para-clarinete-y-saxo-alto","status":"publish","type":"product","link":"https:\/\/sagoca.com\/en\/product\/cajas-de-10-canas-para-clarinete-y-saxo-alto\/","title":{"rendered":"Cajas de 9 ca\u00f1as Sonate Clarinete in B"},"content":{"rendered":"<p>Estas cajas de madera hechas totalmente a mano son un accesorio ideal para los clarinetistas y saxofonistas.<br \/>\nSus l\u00edneas redondas y el tacto de la caja hacen que sean fac\u00edles de manejar, su interior est\u00e1 recubierto totalmente e incluye una base de metraquilato donde se mantendr\u00e1n las ca\u00f1as gracias a las gomas de sujeci\u00f3n.<br \/>\nC\u00f3mo bien hemos mencionado anteriormente, son cajas de ca\u00f1as aptas para clarinete y saxo alto.<br \/>\nPara un correcto funcionamiento colocar las ca\u00f1as en la posici\u00f3n que se ve en la foto.<br \/>\nPodr\u00e9is elegir entre varios dise\u00f1os base predefinidos o hacerlas con el dibujo que dese\u00e9is, para eso tendr\u00e9is que especificarlo y adjuntar archivo.<br \/>\nEste es un accesorio de la Secci\u00f3n Melod\u00eda creado y dise\u00f1ado desde un m\u00fasico para otros m\u00fasicos.<\/p>\n<hr \/>\n<p>CARACTER\u00cdSTICAS:<\/p>\n<ul>\n<li>Madera de abedul.<\/li>\n<li>Apta para 9 ca\u00f1as<\/li>\n<\/ul>\n<p>MEDIDAS aproximadas:<\/p>\n<ul>\n<li>20x9x1,90cm<\/li>\n<\/ul>\n<p>*Tiempo de elaboraci\u00f3n entre 10 y 15 d\u00edas, desde la recepci\u00f3n del pago.<\/p>\n<p>**Para la elecci\u00f3n del dise\u00f1o comunicar por privado.<\/p>\n<p><strong>Todos nuestros art\u00edculos se confeccionan uno a uno de manera artesanal.<\/strong><\/p>\n<p><strong>Todos nuestros art\u00edculos se pueden PERSONALIZAR (para coger ideas consultar la carperta ART\u00cdCULOS PERSONALIZADOS)<\/strong><\/p>\n<p>&nbsp;<\/p>\n<p>&nbsp;<\/p>\n<p>&nbsp;<\/p>","protected":false},"excerpt":{"rendered":"<p>Estas cajas de madera hechas totalmente a mano son un accesorio ideal para los clarinetistas y saxofonistas.<\/p>\n<p>Sus l\u00edneas redondas y el tacto de la caja hacen que sean fac\u00edles de manejar, su interior est\u00e1 recubierto totalmente e incluye una base de metraquilato donde se mantendr\u00e1n las ca\u00f1as gracias a las gomas de sujeci\u00f3n.<\/p>\n<p>C\u00f3mo bien hemos mencionado anteriormente, son cajas de ca\u00f1as aptas para clarinete y saxo alto.<br \/>\nPara un correcto funcionamiento colocar las ca\u00f1as en la posici\u00f3n que se ve en la foto.<br \/>\nPodr\u00e9is elegir entre varios dise\u00f1os base predefinidos o hacerlas con el dibujo que dese\u00e9is, para eso tendr\u00e9is que especificarlo y adjuntar archivo.<br \/>\nEste es un accesorio de la Secci\u00f3n Melod\u00eda creado y dise\u00f1ado desde un m\u00fasico para otros m\u00fasicos.<\/p>","protected":false},"featured_media":1164,"comment_status":"closed","ping_status":"closed","template":"","meta":[],"product_brand":[],"product_cat":[137],"product_tag":[94,96,98,97,95],"class_list":{"0":"post-482","1":"product","2":"type-product","3":"status-publish","4":"has-post-thumbnail","6":"product_cat-melodia","7":"product_tag-cajas-de-cana","8":"product_tag-clarinete","9":"product_tag-madera","10":"product_tag-saxo-alto","11":"product_tag-seccion-melodia","13":"first","14":"instock","15":"shipping-taxable","16":"purchasable","17":"product-type-simple"},"_links":{"self":[{"href":"https:\/\/sagoca.com\/en\/wp-json\/wp\/v2\/product\/482","targetHints":{"allow":["GET"]}}],"collection":[{"href":"https:\/\/sagoca.com\/en\/wp-json\/wp\/v2\/product"}],"about":[{"href":"https:\/\/sagoca.com\/en\/wp-json\/wp\/v2\/types\/product"}],"replies":[{"embeddable":true,"href":"https:\/\/sagoca.com\/en\/wp-json\/wp\/v2\/comments?post=482"}],"wp:featuredmedia":[{"embeddable":true,"href":"https:\/\/sagoca.com\/en\/wp-json\/wp\/v2\/media\/1164"}],"wp:attachment":[{"href":"https:\/\/sagoca.com\/en\/wp-json\/wp\/v2\/media?parent=482"}],"wp:term":[{"taxonomy":"product_brand","embeddable":true,"href":"https:\/\/sagoca.com\/en\/wp-json\/wp\/v2\/product_brand?post=482"},{"taxonomy":"product_cat","embeddable":true,"href":"https:\/\/sagoca.com\/en\/wp-json\/wp\/v2\/product_cat?post=482"},{"taxonomy":"product_tag","embeddable":true,"href":"https:\/\/sagoca.com\/en\/wp-json\/wp\/v2\/product_tag?post=482"}],"curies":[{"name":"wp","href":"https:\/\/api.w.org\/{rel}","templated":true}]}}