{"id":369,"date":"2023-11-22T12:55:24","date_gmt":"2023-11-22T11:55:24","guid":{"rendered":"https:\/\/sagoca.com\/?post_type=product&#038;p=369"},"modified":"2023-11-22T14:26:48","modified_gmt":"2023-11-22T13:26:48","slug":"camiseta-cuello-vuelto-superheroina","status":"publish","type":"product","link":"https:\/\/sagoca.com\/en\/product\/camiseta-cuello-vuelto-superheroina\/","title":{"rendered":"Camiseta cuello vuelto Superhero\u00edna"},"content":{"rendered":"<p>Camiseta de cuello vuelto con aplicaci\u00f3n de superhero\u00edna con detalle en la parte de abajo, adem\u00e1s de dos botones a modo de escudo, todo ello cosido a mano, excepto los botones que tambi\u00e9n est\u00e1n pegados.<\/p>\n<p>\u00daLTIMA UNIDAD, NO REPOSICI\u00d3N<\/p>\n<p>Talla: 3M (60cm)<\/p>\n<p>Recomendaciones:<\/p>\n<ul>\n<li><span class=\"OYPEnA text-decoration-none text-strikethrough-none\">Lavar del rev\u00e9s siempre y cuando el art\u00edculo lo permita.<\/span><\/li>\n<li><span class=\"OYPEnA text-decoration-none text-strikethrough-none\">Se puede lavar en lavadora, a temperatura fr\u00eda para una mayor durabilidad de materiales y colores.\u00a0<\/span><\/li>\n<li>NO secar en SECADORA, dejar secar al aire para evitar que se deteriore el art\u00edculo.<\/li>\n<li><span class=\"OYPEnA text-decoration-none text-strikethrough-none\">NO PLANCHAR ENCIMA DIRECTAMENTE, se puede usar un papel de horno, ponerlo entre la prenda y la plancha.<\/span><\/li>\n<li><span class=\"OYPEnA text-decoration-none text-strikethrough-none\">Cualquier problema o duda p\u00f3ngase en contacto.<\/span><\/li>\n<li>RECORDAR QUE ES UN ART\u00cdCULO ARTESANAL<\/li>\n<\/ul>","protected":false},"excerpt":{"rendered":"<p>Camiseta de cuello vuelto con aplicaci\u00f3n de superhero\u00edna con detalle en la parte de abajo, adem\u00e1s de dos botones a modo de escudo, todo ello cosido a mano, excepto los botones que tambi\u00e9n est\u00e1n pegados.<\/p>\n<p>\u00daLTIMA UNIDAD, NO REPOSICI\u00d3N<\/p>","protected":false},"featured_media":343,"comment_status":"closed","ping_status":"closed","template":"","meta":[],"product_brand":[],"product_cat":[51],"product_tag":[76,81,80,82,78],"class_list":{"0":"post-369","1":"product","2":"type-product","3":"status-publish","4":"has-post-thumbnail","6":"product_cat-outlet","7":"product_tag-camisetas-artesanales","8":"product_tag-camisetas-bebes","9":"product_tag-camisetas-divertidas","10":"product_tag-camisetas-ninas","11":"product_tag-camisetas-superheroes","13":"first","14":"instock","15":"sale","16":"shipping-taxable","17":"purchasable","18":"product-type-simple"},"_links":{"self":[{"href":"https:\/\/sagoca.com\/en\/wp-json\/wp\/v2\/product\/369","targetHints":{"allow":["GET"]}}],"collection":[{"href":"https:\/\/sagoca.com\/en\/wp-json\/wp\/v2\/product"}],"about":[{"href":"https:\/\/sagoca.com\/en\/wp-json\/wp\/v2\/types\/product"}],"replies":[{"embeddable":true,"href":"https:\/\/sagoca.com\/en\/wp-json\/wp\/v2\/comments?post=369"}],"wp:featuredmedia":[{"embeddable":true,"href":"https:\/\/sagoca.com\/en\/wp-json\/wp\/v2\/media\/343"}],"wp:attachment":[{"href":"https:\/\/sagoca.com\/en\/wp-json\/wp\/v2\/media?parent=369"}],"wp:term":[{"taxonomy":"product_brand","embeddable":true,"href":"https:\/\/sagoca.com\/en\/wp-json\/wp\/v2\/product_brand?post=369"},{"taxonomy":"product_cat","embeddable":true,"href":"https:\/\/sagoca.com\/en\/wp-json\/wp\/v2\/product_cat?post=369"},{"taxonomy":"product_tag","embeddable":true,"href":"https:\/\/sagoca.com\/en\/wp-json\/wp\/v2\/product_tag?post=369"}],"curies":[{"name":"wp","href":"https:\/\/api.w.org\/{rel}","templated":true}]}}