{"id":358,"date":"2023-11-22T12:06:49","date_gmt":"2023-11-22T11:06:49","guid":{"rendered":"https:\/\/sagoca.com\/?post_type=product&#038;p=358"},"modified":"2023-11-22T14:25:35","modified_gmt":"2023-11-22T13:25:35","slug":"camiseta-manga-larga","status":"publish","type":"product","link":"https:\/\/sagoca.com\/en\/product\/camiseta-manga-larga\/","title":{"rendered":"Camiseta manga larga Estrella"},"content":{"rendered":"<p>Camiseta de manga larga con aplicaci\u00f3n de estrella, contiene adem\u00e1s un bot\u00f3n a modo de p\u00e1jaro, ambos detalles cosidos a mano.<\/p>\n<p>\u00daLTIMA UNIDAD, NO REPOSICI\u00d3N<\/p>\n<p>Talla: 3M<\/p>\n<p>Recomendaciones:<\/p>\n<ul>\n<li><span class=\"OYPEnA text-decoration-none text-strikethrough-none\">Lavar del rev\u00e9s siempre y cuando el art\u00edculo lo permita.<\/span><\/li>\n<li><span class=\"OYPEnA text-decoration-none text-strikethrough-none\">Se puede lavar en lavadora, a temperatura fr\u00eda para una mayor durabilidad de materiales y colores.\u00a0<\/span><\/li>\n<li>NO secar en SECADORA, dejar secar al aire para evitar que se deteriore el art\u00edculo.<\/li>\n<li><span class=\"OYPEnA text-decoration-none text-strikethrough-none\">NO PLANCHAR ENCIMA DIRECTAMENTE, se puede usar un papel de horno, ponerlo entre la prenda y la plancha.<\/span><\/li>\n<li><span class=\"OYPEnA text-decoration-none text-strikethrough-none\">Cualquier problema o duda p\u00f3ngase en contacto.<\/span><\/li>\n<li>RECORDAR QUE ES UN ART\u00cdCULO ARTESANAL<\/li>\n<\/ul>","protected":false},"excerpt":{"rendered":"<p>Camiseta de manga larga con aplicaci\u00f3n de estrella, contiene adem\u00e1s un bot\u00f3n a modo de p\u00e1jaro, ambos detalles cosidos a mano.<\/p>\n<p>\u00daLTIMA UNIDAD, NO REPOSICI\u00d3N<\/p>","protected":false},"featured_media":0,"comment_status":"closed","ping_status":"closed","template":"","meta":[],"product_brand":[],"product_cat":[51],"product_tag":[76,81,80,79],"class_list":{"0":"post-358","1":"product","2":"type-product","3":"status-publish","5":"product_cat-outlet","6":"product_tag-camisetas-artesanales","7":"product_tag-camisetas-bebes","8":"product_tag-camisetas-divertidas","9":"product_tag-camisetas-nino","11":"first","12":"instock","13":"sale","14":"shipping-taxable","15":"purchasable","16":"product-type-simple"},"_links":{"self":[{"href":"https:\/\/sagoca.com\/en\/wp-json\/wp\/v2\/product\/358","targetHints":{"allow":["GET"]}}],"collection":[{"href":"https:\/\/sagoca.com\/en\/wp-json\/wp\/v2\/product"}],"about":[{"href":"https:\/\/sagoca.com\/en\/wp-json\/wp\/v2\/types\/product"}],"replies":[{"embeddable":true,"href":"https:\/\/sagoca.com\/en\/wp-json\/wp\/v2\/comments?post=358"}],"wp:attachment":[{"href":"https:\/\/sagoca.com\/en\/wp-json\/wp\/v2\/media?parent=358"}],"wp:term":[{"taxonomy":"product_brand","embeddable":true,"href":"https:\/\/sagoca.com\/en\/wp-json\/wp\/v2\/product_brand?post=358"},{"taxonomy":"product_cat","embeddable":true,"href":"https:\/\/sagoca.com\/en\/wp-json\/wp\/v2\/product_cat?post=358"},{"taxonomy":"product_tag","embeddable":true,"href":"https:\/\/sagoca.com\/en\/wp-json\/wp\/v2\/product_tag?post=358"}],"curies":[{"name":"wp","href":"https:\/\/api.w.org\/{rel}","templated":true}]}}