{"id":337,"date":"2023-11-22T12:00:26","date_gmt":"2023-11-22T11:00:26","guid":{"rendered":"https:\/\/sagoca.com\/?post_type=product&#038;p=337"},"modified":"2023-11-22T14:22:54","modified_gmt":"2023-11-22T13:22:54","slug":"camiseta-cuello-vuelto","status":"publish","type":"product","link":"https:\/\/sagoca.com\/en\/product\/camiseta-cuello-vuelto\/","title":{"rendered":"Camiseta cuello vuelto Superh\u00e9roe"},"content":{"rendered":"<p>Camiseta de cuello vuelto con aplicaci\u00f3n de superh\u00e9roe realizada a mano.<\/p>\n<p>\u00daLTIMA UNIDAD, NO REPOSICI\u00d3N<\/p>\n<p>Talla: 18-24M (92cm)<\/p>\n<p>Recomendaciones:<\/p>\n<ul>\n<li><span class=\"OYPEnA text-decoration-none text-strikethrough-none\">Lavar del rev\u00e9s siempre y cuando el art\u00edculo lo permita.<\/span><\/li>\n<li><span class=\"OYPEnA text-decoration-none text-strikethrough-none\">Se puede lavar en lavadora, a temperatura fr\u00eda para una mayor durabilidad de materiales y colores.\u00a0<\/span><\/li>\n<li>NO secar en SECADORA, dejar secar al aire para evitar que se deteriore el art\u00edculo.<\/li>\n<li><span class=\"OYPEnA text-decoration-none text-strikethrough-none\">NO PLANCHAR ENCIMA DIRECTAMENTE, se puede usar un papel de horno, ponerlo entre la prenda y la plancha.<\/span><\/li>\n<li><span class=\"OYPEnA text-decoration-none text-strikethrough-none\">Cualquier problema o duda p\u00f3ngase en contacto.<\/span><\/li>\n<li>RECORDAR QUE ES UN ART\u00cdCULO ARTESANAL<\/li>\n<\/ul>\n<p>&nbsp;<\/p>","protected":false},"excerpt":{"rendered":"<p>Camiseta de cuello vuelto con aplicaci\u00f3n de superh\u00e9roe realizada a mano.<\/p>\n<p>\u00daLTIMA UNIDAD, NO REPOSICI\u00d3N<\/p>","protected":false},"featured_media":339,"comment_status":"closed","ping_status":"closed","template":"","meta":[],"product_brand":[],"product_cat":[51],"product_tag":[76,77,78],"class_list":{"0":"post-337","1":"product","2":"type-product","3":"status-publish","4":"has-post-thumbnail","6":"product_cat-outlet","7":"product_tag-camisetas-artesanales","8":"product_tag-camisetas-ninos","9":"product_tag-camisetas-superheroes","11":"first","12":"instock","13":"sale","14":"shipping-taxable","15":"purchasable","16":"product-type-simple"},"_links":{"self":[{"href":"https:\/\/sagoca.com\/en\/wp-json\/wp\/v2\/product\/337","targetHints":{"allow":["GET"]}}],"collection":[{"href":"https:\/\/sagoca.com\/en\/wp-json\/wp\/v2\/product"}],"about":[{"href":"https:\/\/sagoca.com\/en\/wp-json\/wp\/v2\/types\/product"}],"replies":[{"embeddable":true,"href":"https:\/\/sagoca.com\/en\/wp-json\/wp\/v2\/comments?post=337"}],"wp:featuredmedia":[{"embeddable":true,"href":"https:\/\/sagoca.com\/en\/wp-json\/wp\/v2\/media\/339"}],"wp:attachment":[{"href":"https:\/\/sagoca.com\/en\/wp-json\/wp\/v2\/media?parent=337"}],"wp:term":[{"taxonomy":"product_brand","embeddable":true,"href":"https:\/\/sagoca.com\/en\/wp-json\/wp\/v2\/product_brand?post=337"},{"taxonomy":"product_cat","embeddable":true,"href":"https:\/\/sagoca.com\/en\/wp-json\/wp\/v2\/product_cat?post=337"},{"taxonomy":"product_tag","embeddable":true,"href":"https:\/\/sagoca.com\/en\/wp-json\/wp\/v2\/product_tag?post=337"}],"curies":[{"name":"wp","href":"https:\/\/api.w.org\/{rel}","templated":true}]}}