{"id":331,"date":"2023-11-07T13:48:01","date_gmt":"2023-11-07T12:48:01","guid":{"rendered":"https:\/\/sagoca.com\/?post_type=product&#038;p=331"},"modified":"2024-07-19T11:50:23","modified_gmt":"2024-07-19T09:50:23","slug":"estrellas-de-madera-personalizadas","status":"publish","type":"product","link":"https:\/\/sagoca.com\/en\/product\/estrellas-de-madera-personalizadas\/","title":{"rendered":"Estrellas de madera personalizadas"},"content":{"rendered":"<p>Estrellas de maderas personalizadas. Un regalo ideal s\u00faper vers\u00e1til, que se puede usar tanto como adorno en el \u00c1rbol de navidad, como en los pomos de las puertas de los peques de la casa y adem\u00e1s como idea para marcar sitios en eventos o cenas navide\u00f1as.<\/p>\n<p>Un regalo, un recuerdo, original y \u00fanico.<\/p>\n<p>Se personalizan con nombres o frases de dos o tres palabras.<\/p>\n<p>*(Las cintas decorativas var\u00edan dependiendo del stock, pero nunca lo hace el dise\u00f1o general)<\/p>\n<p>*(El precio es por unidades)<\/p>","protected":false},"excerpt":{"rendered":"<p>Estrellas de madera personalizadas, para usar como adorno navide\u00f1o o marca sitios en eventos.<\/p>","protected":false},"featured_media":333,"comment_status":"closed","ping_status":"closed","template":"","meta":[],"product_brand":[],"product_cat":[31,136],"product_tag":[72,73,74,75],"class_list":{"0":"post-331","1":"product","2":"type-product","3":"status-publish","4":"has-post-thumbnail","6":"product_cat-articulos-personalizados","7":"product_cat-complementos","8":"product_tag-adornos-navidenos","9":"product_tag-estrellas-de-madera","10":"product_tag-estrellas-personalizadas","11":"product_tag-marca-sitios","13":"first","14":"instock","15":"shipping-taxable","16":"purchasable","17":"product-type-simple"},"_links":{"self":[{"href":"https:\/\/sagoca.com\/en\/wp-json\/wp\/v2\/product\/331","targetHints":{"allow":["GET"]}}],"collection":[{"href":"https:\/\/sagoca.com\/en\/wp-json\/wp\/v2\/product"}],"about":[{"href":"https:\/\/sagoca.com\/en\/wp-json\/wp\/v2\/types\/product"}],"replies":[{"embeddable":true,"href":"https:\/\/sagoca.com\/en\/wp-json\/wp\/v2\/comments?post=331"}],"wp:featuredmedia":[{"embeddable":true,"href":"https:\/\/sagoca.com\/en\/wp-json\/wp\/v2\/media\/333"}],"wp:attachment":[{"href":"https:\/\/sagoca.com\/en\/wp-json\/wp\/v2\/media?parent=331"}],"wp:term":[{"taxonomy":"product_brand","embeddable":true,"href":"https:\/\/sagoca.com\/en\/wp-json\/wp\/v2\/product_brand?post=331"},{"taxonomy":"product_cat","embeddable":true,"href":"https:\/\/sagoca.com\/en\/wp-json\/wp\/v2\/product_cat?post=331"},{"taxonomy":"product_tag","embeddable":true,"href":"https:\/\/sagoca.com\/en\/wp-json\/wp\/v2\/product_tag?post=331"}],"curies":[{"name":"wp","href":"https:\/\/api.w.org\/{rel}","templated":true}]}}