{"id":1500,"date":"2024-09-20T10:32:27","date_gmt":"2024-09-20T08:32:27","guid":{"rendered":"https:\/\/sagoca.com\/?post_type=product&#038;p=1500"},"modified":"2024-09-20T17:28:49","modified_gmt":"2024-09-20T15:28:49","slug":"estuche-bote-vichy-verde-mint","status":"publish","type":"product","link":"https:\/\/sagoca.com\/en\/product\/estuche-bote-vichy-verde-mint\/","title":{"rendered":"Estuche Bote Vichy verde mint"},"content":{"rendered":"<p>CARACTER\u00cdSTICAS:<\/p>\n<ul>\n<li>Tela exterior acolchada a mano.<\/li>\n<li>Tela inferior de un \u00fanico color, preparada para personalizar.<\/li>\n<li>Cierre con cremallera con tope al final.<\/li>\n<li>Se puede lavar en lavadora.<\/li>\n<\/ul>\n<p>MEDIDAS: son aproximadas ya que, pueden variar unos cent\u00edmetros al estar hechos a mano. Medidas tomadas con el Estuche cerrado.<\/p>\n<ul>\n<li>Ancho base 8cm, alto 20cm y produndidad 5cm<\/li>\n<li>Ancho boca 15cm<\/li>\n<\/ul>\n<p>*Al ser un estampado puede variar discretamente de la versi\u00f3n de la foto de muestra.<\/p>\n<p>**El forro puede variar seg\u00fan stock, pero siempre se pondr\u00e1 uno acorde a los colores de las telas exteriores.<\/p>","protected":false},"excerpt":{"rendered":"<p>El Estuche Bote es perfecto para organizar todo lo que necesites.<\/p>\n<p>Hecho de tela 100% algod\u00f3n y con un cierre de cremallera resistente, su dise\u00f1o vers\u00e1til te permite usarlo como estuche tradicional, para pinceles de acuarela, o incluso como neceser.<\/p>\n<p>Es ideal para opositoras o estudiantes ya que su dise\u00f1o te permite tener los subrayadores y bol\u00edgrafos siempre visibles y al alcance.<\/p>\n<p>Su funcionamiento es tan pr\u00e1ctico como innovador: siemplemente baja los extremos de la zona acolchada y se transforma en un lapicero en vertical de f\u00e1cil acceso. Ligero, no a\u00f1ade peso extra y es completamente lavable, ideal para usarlo a diario.<\/p>\n<p>Dispongo de varias combinaciones de colores y estampados para que elijas la que mejor se adapte a tu estilo.<\/p>","protected":false},"featured_media":1584,"comment_status":"closed","ping_status":"closed","template":"","meta":[],"product_brand":[],"product_cat":[31,136],"product_tag":[104,105,106],"class_list":{"0":"post-1500","1":"product","2":"type-product","3":"status-publish","4":"has-post-thumbnail","6":"product_cat-articulos-personalizados","7":"product_cat-complementos","8":"product_tag-estuches","9":"product_tag-estuches-bote","10":"product_tag-maestras","12":"first","13":"instock","14":"shipping-taxable","15":"purchasable","16":"product-type-simple"},"_links":{"self":[{"href":"https:\/\/sagoca.com\/en\/wp-json\/wp\/v2\/product\/1500","targetHints":{"allow":["GET"]}}],"collection":[{"href":"https:\/\/sagoca.com\/en\/wp-json\/wp\/v2\/product"}],"about":[{"href":"https:\/\/sagoca.com\/en\/wp-json\/wp\/v2\/types\/product"}],"replies":[{"embeddable":true,"href":"https:\/\/sagoca.com\/en\/wp-json\/wp\/v2\/comments?post=1500"}],"wp:featuredmedia":[{"embeddable":true,"href":"https:\/\/sagoca.com\/en\/wp-json\/wp\/v2\/media\/1584"}],"wp:attachment":[{"href":"https:\/\/sagoca.com\/en\/wp-json\/wp\/v2\/media?parent=1500"}],"wp:term":[{"taxonomy":"product_brand","embeddable":true,"href":"https:\/\/sagoca.com\/en\/wp-json\/wp\/v2\/product_brand?post=1500"},{"taxonomy":"product_cat","embeddable":true,"href":"https:\/\/sagoca.com\/en\/wp-json\/wp\/v2\/product_cat?post=1500"},{"taxonomy":"product_tag","embeddable":true,"href":"https:\/\/sagoca.com\/en\/wp-json\/wp\/v2\/product_tag?post=1500"}],"curies":[{"name":"wp","href":"https:\/\/api.w.org\/{rel}","templated":true}]}}