{"id":1194,"date":"2024-03-06T10:03:24","date_gmt":"2024-03-06T09:03:24","guid":{"rendered":"https:\/\/sagoca.com\/?post_type=product&#038;p=1194"},"modified":"2024-09-20T09:29:13","modified_gmt":"2024-09-20T07:29:13","slug":"corona-vuelta-al-sol-vichy-negro","status":"publish","type":"product","link":"https:\/\/sagoca.com\/en\/product\/corona-vuelta-al-sol-vichy-negro\/","title":{"rendered":"Corona Vuelta al Sol Vichy Blanco y Negro"},"content":{"rendered":"<p>CARACTER\u00cdSTICAS:<\/p>\n<ul>\n<li>Telas 100% algod\u00f3n con certificado OEKO-TEX.<\/li>\n<li>Se adapta a cualquier medida con tan s\u00f3lo ajustar o desajustar la lazada que lleva en la parte posterior.<\/li>\n<li>Incluye n\u00fameros en forma de estrella del 1-5<\/li>\n<\/ul>\n<p>MEDIDAS aproximadas:<\/p>\n<ul>\n<li><\/li>\n<\/ul>\n<p>Todos nuestros art\u00edculos se confeccionan uno a uno de manera artesanal.<\/p>\n<p>Todos nuestros art\u00edculos se pueden PERSONALIZAR (para coger ideas consultar la carperta ART\u00cdCULOS PERSONALIZADOS)<\/p>","protected":false},"excerpt":{"rendered":"<p>La Corona Vuelta al Sol es un accesorio ideal para hacer sentir un rey o una reina a nuestros peques de la casa.<br \/>\nEst\u00e1 confeccionada a mano y adem\u00e1s es ajustable gracias al cierre de lazada atr\u00e1s que puede adaptarse a cualquier tama\u00f1o, lo que facilita el uso para varios a\u00f1os y tambi\u00e9n le da un toque muy kuki. Incluye los n\u00fameros del 1 al 5 en forma de estrella, que se pueden intercambiar mediante el velcro que incorpora.<br \/>\nUn complemento que no debe faltar en su d\u00eda m\u00e1s especial.<\/p>","protected":false},"featured_media":0,"comment_status":"closed","ping_status":"closed","template":"","meta":[],"product_brand":[],"product_cat":[136],"product_tag":[125,126,127],"class_list":{"0":"post-1194","1":"product","2":"type-product","3":"status-publish","5":"product_cat-complementos","6":"product_tag-coronas","7":"product_tag-coronas-cumpleanos","8":"product_tag-cumpleanos","10":"first","11":"instock","12":"shipping-taxable","13":"purchasable","14":"product-type-simple"},"_links":{"self":[{"href":"https:\/\/sagoca.com\/en\/wp-json\/wp\/v2\/product\/1194","targetHints":{"allow":["GET"]}}],"collection":[{"href":"https:\/\/sagoca.com\/en\/wp-json\/wp\/v2\/product"}],"about":[{"href":"https:\/\/sagoca.com\/en\/wp-json\/wp\/v2\/types\/product"}],"replies":[{"embeddable":true,"href":"https:\/\/sagoca.com\/en\/wp-json\/wp\/v2\/comments?post=1194"}],"wp:attachment":[{"href":"https:\/\/sagoca.com\/en\/wp-json\/wp\/v2\/media?parent=1194"}],"wp:term":[{"taxonomy":"product_brand","embeddable":true,"href":"https:\/\/sagoca.com\/en\/wp-json\/wp\/v2\/product_brand?post=1194"},{"taxonomy":"product_cat","embeddable":true,"href":"https:\/\/sagoca.com\/en\/wp-json\/wp\/v2\/product_cat?post=1194"},{"taxonomy":"product_tag","embeddable":true,"href":"https:\/\/sagoca.com\/en\/wp-json\/wp\/v2\/product_tag?post=1194"}],"curies":[{"name":"wp","href":"https:\/\/api.w.org\/{rel}","templated":true}]}}