{"id":1181,"date":"2024-03-05T17:47:32","date_gmt":"2024-03-05T16:47:32","guid":{"rendered":"https:\/\/sagoca.com\/?post_type=product&#038;p=1181"},"modified":"2024-09-20T09:31:56","modified_gmt":"2024-09-20T07:31:56","slug":"fundas-para-cajas-4-canas","status":"publish","type":"product","link":"https:\/\/sagoca.com\/en\/product\/fundas-para-cajas-4-canas\/","title":{"rendered":"Fundas para Cajas 4 ca\u00f1as"},"content":{"rendered":"<p>CARACTER\u00cdSTICAS:<\/p>\n<ul>\n<li>Tela algod\u00f3n 100%<\/li>\n<li>Apta para cajas de 4 ca\u00f1as<\/li>\n<\/ul>\n<p>MEDIDAS aproximadas:<\/p>\n<ul>\n<li><\/li>\n<\/ul>\n<p>*Al ser un estampado puede variar discretamente de la versi\u00f3n de la foto de muestra.<\/p>\n<p>**El forro puede variar seg\u00fan stock, pero siempre se pondr\u00e1 uno acorde a los colores de las telas exteriores.<\/p>\n<p>Todos nuestros art\u00edculos se confeccionan uno a uno de manera artesanal.<\/p>\n<p>Todos nuestros art\u00edculos se pueden PERSONALIZAR (para coger ideas consultar la carperta ART\u00cdCULOS PERSONALIZADOS)<\/p>\n<p>&nbsp;<\/p>\n<p>&nbsp;<\/p>","protected":false},"excerpt":{"rendered":"<p>Las Fundas para las Cajas de 4 ca\u00f1as son unos accesorios ideales para evitar el deterioro de las mismas y tambi\u00e9n favorecen a una mejor conservaci\u00f3n de las ca\u00f1as.<\/p>\n<p>Este es un accesorio de la Secci\u00f3n Melod\u00eda creado y dise\u00f1ado desde un m\u00fasico para otros m\u00fasicos.<\/p>","protected":false},"featured_media":0,"comment_status":"closed","ping_status":"closed","template":"","meta":[],"product_brand":[],"product_cat":[137],"product_tag":[124,94,123,95],"class_list":{"0":"post-1181","1":"product","2":"type-product","3":"status-publish","5":"product_cat-melodia","6":"product_tag-bolsa-multiusos","7":"product_tag-cajas-de-cana","8":"product_tag-funda-cajas","9":"product_tag-seccion-melodia","11":"first","12":"instock","13":"shipping-taxable","14":"purchasable","15":"product-type-simple"},"_links":{"self":[{"href":"https:\/\/sagoca.com\/en\/wp-json\/wp\/v2\/product\/1181","targetHints":{"allow":["GET"]}}],"collection":[{"href":"https:\/\/sagoca.com\/en\/wp-json\/wp\/v2\/product"}],"about":[{"href":"https:\/\/sagoca.com\/en\/wp-json\/wp\/v2\/types\/product"}],"replies":[{"embeddable":true,"href":"https:\/\/sagoca.com\/en\/wp-json\/wp\/v2\/comments?post=1181"}],"wp:attachment":[{"href":"https:\/\/sagoca.com\/en\/wp-json\/wp\/v2\/media?parent=1181"}],"wp:term":[{"taxonomy":"product_brand","embeddable":true,"href":"https:\/\/sagoca.com\/en\/wp-json\/wp\/v2\/product_brand?post=1181"},{"taxonomy":"product_cat","embeddable":true,"href":"https:\/\/sagoca.com\/en\/wp-json\/wp\/v2\/product_cat?post=1181"},{"taxonomy":"product_tag","embeddable":true,"href":"https:\/\/sagoca.com\/en\/wp-json\/wp\/v2\/product_tag?post=1181"}],"curies":[{"name":"wp","href":"https:\/\/api.w.org\/{rel}","templated":true}]}}