{"id":1065,"date":"2024-03-04T13:00:26","date_gmt":"2024-03-04T12:00:26","guid":{"rendered":"https:\/\/sagoca.com\/?post_type=product&#038;p=1065"},"modified":"2024-09-20T09:39:39","modified_gmt":"2024-09-20T07:39:39","slug":"bolso-mini-flores-otono","status":"publish","type":"product","link":"https:\/\/sagoca.com\/en\/product\/bolso-mini-flores-otono\/","title":{"rendered":"Bolso mini Flores oto\u00f1o"},"content":{"rendered":"<p>CARACTER\u00cdSTICAS:<\/p>\n<ul>\n<li>Telas 100% algod\u00f3n con certificado OEKO-TEX.<\/li>\n<li>Se adapta a cualquier medida con tan s\u00f3lo cortar el cord\u00f3n y volver anudar en los extremos del bolso.<\/li>\n<li>Se puede lavar a m\u00e1quina.<\/li>\n<\/ul>\n<p>MEDIDAS aproximadas:<\/p>\n<ul>\n<li>12,5cmx20cmx2,5cm<\/li>\n<\/ul>\n<p>*Al ser un estampado puede variar discretamente de la versi\u00f3n de la foto de muestra.<\/p>\n<p>**El forro puede variar seg\u00fan stock, pero siempre se pondr\u00e1 uno acorde a los colores de las telas exteriores.<\/p>\n<p>Todos nuestros art\u00edculos se confeccionan uno a uno de manera artesanal.<\/p>\n<p>Todos nuestros art\u00edculos se pueden PERSONALIZAR (para coger ideas consultar la carperta ART\u00cdCULOS PERSONALIZADOS)<\/p>","protected":false},"excerpt":{"rendered":"<p>El Bolso mini es una kukada que se va a volver tu compa\u00f1ero inseparable, gracias a su comodidad, su poco peso y porque puedes llevar cerca lo necesario sin necesidad de cargar de m\u00e1s. Aunque aparenta ser muy peque\u00f1o, puedes meter en \u00e9l lo justo: monedero o monedero-tarjetero, pa\u00f1uelos, m\u00f3vil y llaves.<\/p>\n<p>Un gran aliado para el d\u00eda a d\u00eda pero tambi\u00e9n para los viajes, d\u00e1ndote la oportunidad de llevar lo importante cerquita tuya, tanto para pagar o coger unos clinex, como tener localizable tu m\u00f3vil.<\/p>\n<p>Un complemento que no debe faltar por su funcionalidad y originalidad en el dise\u00f1o, combinando dos telas. Cierre con im\u00e1n y tiras de cord\u00f3n lo que hace posible que se adapte justo al tama\u00f1o que desees, colg\u00e1ndo de un hombro, de lado o del cuello a modo de funda para m\u00f3vil.<\/p>\n<p>En la \u00faltima foto se da una recomendaci\u00f3n de combo con otros art\u00edculos de la marca, para que puedas realizar tus regalos de una manera f\u00e1cil y r\u00e1pida para ti.<\/p>\n<p>&nbsp;<\/p>","protected":false},"featured_media":1072,"comment_status":"closed","ping_status":"closed","template":"","meta":[],"product_brand":[],"product_cat":[31,135],"product_tag":[118,117,120,119],"class_list":{"0":"post-1065","1":"product","2":"type-product","3":"status-publish","4":"has-post-thumbnail","6":"product_cat-articulos-personalizados","7":"product_cat-totes-y-bolsos","8":"product_tag-bolso-mini","9":"product_tag-bolsos","10":"product_tag-combos","11":"product_tag-viajes","13":"first","14":"instock","15":"shipping-taxable","16":"purchasable","17":"product-type-simple"},"_links":{"self":[{"href":"https:\/\/sagoca.com\/en\/wp-json\/wp\/v2\/product\/1065","targetHints":{"allow":["GET"]}}],"collection":[{"href":"https:\/\/sagoca.com\/en\/wp-json\/wp\/v2\/product"}],"about":[{"href":"https:\/\/sagoca.com\/en\/wp-json\/wp\/v2\/types\/product"}],"replies":[{"embeddable":true,"href":"https:\/\/sagoca.com\/en\/wp-json\/wp\/v2\/comments?post=1065"}],"wp:featuredmedia":[{"embeddable":true,"href":"https:\/\/sagoca.com\/en\/wp-json\/wp\/v2\/media\/1072"}],"wp:attachment":[{"href":"https:\/\/sagoca.com\/en\/wp-json\/wp\/v2\/media?parent=1065"}],"wp:term":[{"taxonomy":"product_brand","embeddable":true,"href":"https:\/\/sagoca.com\/en\/wp-json\/wp\/v2\/product_brand?post=1065"},{"taxonomy":"product_cat","embeddable":true,"href":"https:\/\/sagoca.com\/en\/wp-json\/wp\/v2\/product_cat?post=1065"},{"taxonomy":"product_tag","embeddable":true,"href":"https:\/\/sagoca.com\/en\/wp-json\/wp\/v2\/product_tag?post=1065"}],"curies":[{"name":"wp","href":"https:\/\/api.w.org\/{rel}","templated":true}]}}