{"id":1055,"date":"2024-03-04T12:39:04","date_gmt":"2024-03-04T11:39:04","guid":{"rendered":"https:\/\/sagoca.com\/?post_type=product&#038;p=1055"},"modified":"2024-09-20T09:40:42","modified_gmt":"2024-09-20T07:40:42","slug":"cintillo-desmaquillante-snoopy","status":"publish","type":"product","link":"https:\/\/sagoca.com\/en\/product\/cintillo-desmaquillante-snoopy\/","title":{"rendered":"Cintillo desmaquillante Snoopy"},"content":{"rendered":"<p>CARACTER\u00cdSTICAS:<\/p>\n<ul>\n<li>Telas 100% algod\u00f3n y de fibra de bamb\u00fa con certificado OEKO-TEX.<\/li>\n<li>Las toallitas se pueden lavar con jab\u00f3n de manos, frotar un poquito y se recomienda colgar en el gancho para un mejor secado.<\/li>\n<li>El cintillo tiene cierre de velcro para que se adapte f\u00e1cilmente a los diferentes tama\u00f1os de cabeza.<\/li>\n<li>Cintillo apto para el m\u00e9todo Curly que hace que no coja malas formas o aplaste el rizo.<\/li>\n<li>Se pueden lavar a m\u00e1quina.<\/li>\n<\/ul>\n<p>MEDIDAS aproximadas:<\/p>\n<ul>\n<li>Toallitas 8&#215;8 cm<\/li>\n<li>Cintillo contorno<\/li>\n<\/ul>\n<p>*Al ser un estampado puede variar discretamente de la versi\u00f3n de la foto de muestra.<\/p>\n<p>**El forro puede variar seg\u00fan stock, pero siempre se pondr\u00e1 uno acorde a los colores de las telas exteriores.<\/p>\n<p>Todos nuestros art\u00edculos se confeccionan uno a uno de manera artesanal.<\/p>\n<p>Todos nuestros art\u00edculos se pueden PERSONALIZAR (para coger ideas consultar la carperta ART\u00cdCULOS PERSONALIZADOS)<\/p>\n<p>&nbsp;<\/p>","protected":false},"excerpt":{"rendered":"<p>El Cintillo desmaquillante es un accesorio ideal para realizar la limpieza facial y el desmaquillaje. Apto para el m\u00e9todo Curly gracias al cierre con velcro que no aplasta tus rizos y se adapta f\u00e1cilmente.<\/p>\n<p>Adem\u00e1s est\u00e1n confeccionados con telas de algod\u00f3n con certificado OEKO-TEX y de fibras de bamb\u00fa lo que le dan una suavidad extra. Todo esto hace que sea un regalo ideal para cualquier edad, incluso puedes completar el set con un Neceser, un pack de 7 Toallitas desmaquillante y\/o un gancho para colgar las toallitas y secar de manera f\u00e1cil e higi\u00e9nica, art\u00edculos todos ellos que podr\u00e1s encontrar en la web.<\/p>\n<p>Creado de manera delicada para esos regalos y autoregalos donde prima el dar gusto y cuidado personal.<\/p>","protected":false},"featured_media":0,"comment_status":"closed","ping_status":"closed","template":"","meta":[],"product_brand":[],"product_cat":[135],"product_tag":[110,68,111,71,69],"class_list":{"0":"post-1055","1":"product","2":"type-product","3":"status-publish","5":"product_cat-totes-y-bolsos","6":"product_tag-cintillos-desmaquillantes","7":"product_tag-neceseres","8":"product_tag-set-autocuidado","9":"product_tag-tela-fibra-de-bambu","10":"product_tag-toallitas-desmaquillantes","12":"first","13":"outofstock","14":"shipping-taxable","15":"purchasable","16":"product-type-simple"},"_links":{"self":[{"href":"https:\/\/sagoca.com\/en\/wp-json\/wp\/v2\/product\/1055","targetHints":{"allow":["GET"]}}],"collection":[{"href":"https:\/\/sagoca.com\/en\/wp-json\/wp\/v2\/product"}],"about":[{"href":"https:\/\/sagoca.com\/en\/wp-json\/wp\/v2\/types\/product"}],"replies":[{"embeddable":true,"href":"https:\/\/sagoca.com\/en\/wp-json\/wp\/v2\/comments?post=1055"}],"wp:attachment":[{"href":"https:\/\/sagoca.com\/en\/wp-json\/wp\/v2\/media?parent=1055"}],"wp:term":[{"taxonomy":"product_brand","embeddable":true,"href":"https:\/\/sagoca.com\/en\/wp-json\/wp\/v2\/product_brand?post=1055"},{"taxonomy":"product_cat","embeddable":true,"href":"https:\/\/sagoca.com\/en\/wp-json\/wp\/v2\/product_cat?post=1055"},{"taxonomy":"product_tag","embeddable":true,"href":"https:\/\/sagoca.com\/en\/wp-json\/wp\/v2\/product_tag?post=1055"}],"curies":[{"name":"wp","href":"https:\/\/api.w.org\/{rel}","templated":true}]}}