{"id":1029,"date":"2024-02-25T03:41:31","date_gmt":"2024-02-25T02:41:31","guid":{"rendered":"https:\/\/sagoca.com\/?post_type=product&#038;p=1029"},"modified":"2024-07-19T11:40:26","modified_gmt":"2024-07-19T09:40:26","slug":"toallitas-desmaquillantes-golondrinas","status":"publish","type":"product","link":"https:\/\/sagoca.com\/en\/product\/toallitas-desmaquillantes-golondrinas\/","title":{"rendered":"Toallitas desmaquillantes Golondrinas"},"content":{"rendered":"<p>CARACTER\u00cdSTICAS:<\/p>\n<ul>\n<li>Tela 100% algod\u00f3n con certificado OEKO-TEX y por la otra cara tela de fibra de bamb\u00fa.<\/li>\n<li>Se pueden lavar a m\u00e1quina.<\/li>\n<\/ul>\n<p>MEDIDAS aproximadas:<\/p>\n<ul>\n<li>Toallitas: 8x8cm<\/li>\n<\/ul>\n<p>*Al ser un estampado puede variar discretamente de la versi\u00f3n de la foto de muestra.<\/p>\n<p><strong>Todos nuestros art\u00edculos se confeccionan uno a uno de manera artesanal.<\/strong><\/p>\n<p><strong>Todos nuestros art\u00edculos se pueden PERSONALIZAR (para coger ideas consultar la carperta ART\u00cdCULOS PERSONALIZADOS)<\/strong><\/p>","protected":false},"excerpt":{"rendered":"<h4>Un precioso Pack de 7 toallitas desmaquillantes, una para cada d\u00eda de la semana.<\/h4>\n<h4>Las Toallitas desmaquillantes son perfectas para la eliminaci\u00f3n del maquillaje o para realizar las limpiezas faciales. Adem\u00e1s est\u00e1n confeccionadas con telas de algod\u00f3n con certificado OEKO-TEX y de fibras de bamb\u00fa lo que le dan una suavidad extra. Todo esto hace de este conjunto un regalo ideal para cualquier edad, incluso para completar el set puedes incluir un Neceser, un Cintillo desmaquillante apto para el m\u00e9todo Curly\u00a0 y\/o un gancho para colgar las toallitas y secar de manera f\u00e1cil e higi\u00e9nica, art\u00edculos todos ellos que podr\u00e1s encontrar en la web.<\/h4>\n<h4>Creado de manera delicada para esos regalos y autoregalos donde prima el dar gusto y cuidado personal.<\/h4>","protected":false},"featured_media":0,"comment_status":"closed","ping_status":"closed","template":"","meta":[],"product_brand":[],"product_cat":[135],"product_tag":[71,69],"class_list":{"0":"post-1029","1":"product","2":"type-product","3":"status-publish","5":"product_cat-totes-y-bolsos","6":"product_tag-tela-fibra-de-bambu","7":"product_tag-toallitas-desmaquillantes","9":"first","10":"instock","11":"shipping-taxable","12":"purchasable","13":"product-type-simple"},"_links":{"self":[{"href":"https:\/\/sagoca.com\/en\/wp-json\/wp\/v2\/product\/1029","targetHints":{"allow":["GET"]}}],"collection":[{"href":"https:\/\/sagoca.com\/en\/wp-json\/wp\/v2\/product"}],"about":[{"href":"https:\/\/sagoca.com\/en\/wp-json\/wp\/v2\/types\/product"}],"replies":[{"embeddable":true,"href":"https:\/\/sagoca.com\/en\/wp-json\/wp\/v2\/comments?post=1029"}],"wp:attachment":[{"href":"https:\/\/sagoca.com\/en\/wp-json\/wp\/v2\/media?parent=1029"}],"wp:term":[{"taxonomy":"product_brand","embeddable":true,"href":"https:\/\/sagoca.com\/en\/wp-json\/wp\/v2\/product_brand?post=1029"},{"taxonomy":"product_cat","embeddable":true,"href":"https:\/\/sagoca.com\/en\/wp-json\/wp\/v2\/product_cat?post=1029"},{"taxonomy":"product_tag","embeddable":true,"href":"https:\/\/sagoca.com\/en\/wp-json\/wp\/v2\/product_tag?post=1029"}],"curies":[{"name":"wp","href":"https:\/\/api.w.org\/{rel}","templated":true}]}}