{"id":56,"date":"2023-10-30T16:15:10","date_gmt":"2023-10-30T15:15:10","guid":{"rendered":"https:\/\/sagoca.com\/?page_id=56"},"modified":"2023-10-30T19:48:51","modified_gmt":"2023-10-30T18:48:51","slug":"devolucion-y-desistimiento","status":"publish","type":"page","link":"https:\/\/sagoca.com\/en\/devolucion-y-desistimiento\/","title":{"rendered":"Devoluci\u00f3n y Desistimiento"},"content":{"rendered":"<h2 style=\"text-align: justify;\">Devoluci\u00f3n de desistimiento<\/h2>\n<p style=\"text-align: justify;\"><strong>1.-Titularidad del Sitio Web (el titular).<\/strong><\/p>\n<ul style=\"text-align: justify;\">\n<li>Nombre: <strong><a href=\"https:\/\/sagoca.com\/en\/\">Sara G\u00f3mez Carrillo<\/a><\/strong><\/li>\n<li>CIF\/NIF\/NIE: <strong>76248291-W<\/strong><\/li>\n<li>Domicilio:\u00a0<a href=\"https:\/\/sagoca.com\/en\/contactar\/\"><strong>Plaza de la Amistad, 5.\u00a0Puebla de la Calzada.\u00a006490 Badajoz<\/strong><\/a><\/li>\n<li>Tel\u00e9fonos:\u00a0<strong>+34 689 45 55 08<\/strong><\/li>\n<li>Correo electr\u00f3nico: <strong><a href=\"mailto:sara@sagoca.com\" target=\"_blank\" rel=\"noopener\">sara@sagoca.com<\/a><\/strong><\/li>\n<\/ul>\n<p style=\"text-align: justify;\"><strong>2.-Desistimiento:<\/strong><\/p>\n<p style=\"text-align: justify;\">Nos esforzamos al m\u00e1ximo en presentar una informaci\u00f3n correcta y detallada de cada producto que ofrecemos para que puedas comprar con toda tranquilidad. Pero en ocasiones lo recibido puede no ser lo esperado: un error al seleccionar el producto, una mala interpretaci\u00f3n, o simplemente un cambio de opini\u00f3n al verlo en vivo.<\/p>\n<p style=\"text-align: justify;\">Para estas incidencias el cliente dispone de un plazo para devolver la compra de 14 d\u00edas naturales contados desde su recepci\u00f3n, de acuerdo a la legislaci\u00f3n europea al respecto. Te reembolsemos su valor sin preguntas, como es tu derecho de consumidor, siempre que todo est\u00e9 en su estado y embalaje original, salvo las excepciones que est\u00e9n legalmente contempladas. La devoluci\u00f3n debe venir acompa\u00f1ada por el justificante de compra.<\/p>\n<p style=\"text-align: justify;\">El proceso para realizar la devoluci\u00f3n se explica a continuaci\u00f3n.<\/p>\n<p style=\"text-align: justify;\"><strong>3.-Proceso de Devoluci\u00f3n:<\/strong><\/p>\n<p style=\"text-align: justify;\">Los gastos de env\u00edo en caso de devoluci\u00f3n ser\u00e1n por cuenta del comprador, salvo acuerdo diferente previo a la expedici\u00f3n. En caso de que la compra se haya realizado a trav\u00e9s de Paypal, puedes solicitarles el coste de la devoluci\u00f3n a ellos para que se le reintegre por completo (m\u00e1ximo 12 al a\u00f1o).<br \/>\nTen en cuenta que rechazamos todos los env\u00edos contra reembolso sin previo aviso. Cuando quieras devolver un producto, av\u00edsanos de antemano y te diremos c\u00f3mo hacerlo f\u00e1cilmente.<\/p>\n<p style=\"text-align: justify;\">Es necesario que nos indiques a trav\u00e9s del formulario de contacto o de un correo enviado a los datos del titular\u00a0el n\u00famero de pedido y los art\u00edculos que van a ser desestimados.<\/p>\n<p style=\"text-align: justify;\">La direcci\u00f3n a la que debes enviar los productos es el domicilio del titular.<br \/>\nUna vez que nos llegue la mercanc\u00eda en perfecto estado, te reintegramos el importe pagado en la misma modalidad en que efectuaste el pago de tu compra. No se admite la devoluci\u00f3n de productos usados, alterados o modificados, as\u00ed como aquellos cuyo precinto sea retirado o est\u00e9n excluidos conforme al art\u00edculo 103 de la Ley de Consumo . Esta pol\u00edtica de devoluciones no afecta a tus derechos legales de cliente.<\/p>\n<p style=\"text-align: justify;\">El reintegro del dinero se realizar\u00e1 lo antes posible, siempre dentro del margen legal de 14 d\u00edas para hacerlo.<\/p>","protected":false},"excerpt":{"rendered":"<p>Devoluci\u00f3n de desistimiento 1.-Titularidad del Sitio Web (el titular). Nombre: Sara G\u00f3mez Carrillo CIF\/NIF\/NIE: 76248291-W Domicilio:\u00a0Plaza de la Amistad, 5.\u00a0Puebla de la Calzada.\u00a006490 Badajoz Tel\u00e9fonos:\u00a0+34 689 45 55 08 Correo electr\u00f3nico: sara@sagoca.com 2.-Desistimiento: Nos esforzamos al m\u00e1ximo en presentar una informaci\u00f3n correcta y detallada de cada producto que ofrecemos para que puedas comprar con toda [&hellip;]<\/p>\n","protected":false},"author":1,"featured_media":0,"parent":0,"menu_order":0,"comment_status":"closed","ping_status":"closed","template":"","meta":{"footnotes":""},"class_list":["post-56","page","type-page","status-publish","hentry"],"blocksy_meta":[],"_links":{"self":[{"href":"https:\/\/sagoca.com\/en\/wp-json\/wp\/v2\/pages\/56","targetHints":{"allow":["GET"]}}],"collection":[{"href":"https:\/\/sagoca.com\/en\/wp-json\/wp\/v2\/pages"}],"about":[{"href":"https:\/\/sagoca.com\/en\/wp-json\/wp\/v2\/types\/page"}],"author":[{"embeddable":true,"href":"https:\/\/sagoca.com\/en\/wp-json\/wp\/v2\/users\/1"}],"replies":[{"embeddable":true,"href":"https:\/\/sagoca.com\/en\/wp-json\/wp\/v2\/comments?post=56"}],"version-history":[{"count":0,"href":"https:\/\/sagoca.com\/en\/wp-json\/wp\/v2\/pages\/56\/revisions"}],"wp:attachment":[{"href":"https:\/\/sagoca.com\/en\/wp-json\/wp\/v2\/media?parent=56"}],"curies":[{"name":"wp","href":"https:\/\/api.w.org\/{rel}","templated":true}]}}