{"id":54,"date":"2023-10-30T16:14:37","date_gmt":"2023-10-30T15:14:37","guid":{"rendered":"https:\/\/sagoca.com\/?page_id=54"},"modified":"2024-02-22T15:59:12","modified_gmt":"2024-02-22T14:59:12","slug":"envios-y-portes","status":"publish","type":"page","link":"https:\/\/sagoca.com\/en\/envios-y-portes\/","title":{"rendered":"Env\u00edos y Portes"},"content":{"rendered":"<h2 style=\"text-align: justify;\">Env\u00edos y portes<\/h2>\n<p style=\"text-align: justify;\"><strong>1.-Titularidad del Sitio Web (el titular).<\/strong><\/p>\n<ul style=\"text-align: justify;\">\n<li>Nombre: <strong><a href=\"https:\/\/sagoca.com\/en\/\">Sara G\u00f3mez Carrillo<\/a><\/strong><\/li>\n<li>CIF\/NIF\/NIE: <strong>76248291-W<\/strong><\/li>\n<li>Domicilio:\u00a0<a href=\"https:\/\/sagoca.com\/en\/contactar\/\"><strong>Plaza de la Amistad, 5.\u00a0Puebla de la Calzada.\u00a006490 Badajoz<\/strong><\/a><\/li>\n<li>Tel\u00e9fonos:\u00a0<strong>+34 689 45 55 08<\/strong><\/li>\n<li>Correo electr\u00f3nico: <strong><a href=\"mailto:sara@sagoca.com\" target=\"_blank\" rel=\"noopener\">sara@sagoca.com<\/a><\/strong><\/li>\n<\/ul>\n<p style=\"text-align: justify;\"><strong>2.-Precios.<\/strong><\/p>\n<ul style=\"text-align: justify;\">\n<li><em>Precio fijo: 5,00 \u20ac | Env\u00edos gratis para compras superiores a 50,00 \u20ac<\/em>.<\/li>\n<li>El tiempo de entrega es de 7-10 d\u00edas si son art\u00edculos fuera de stock o art\u00edculos personalizados.<\/li>\n<li>Si se necesita con urgencia se puede enviar un correo especificando art\u00edculo y fecha y en la medida de las posibilidades se le dar\u00e1 preferencia. Siempre una vez recibido la confirmaci\u00f3n de pago.<\/li>\n<li><em>Recogida local<\/em>:\u00a0Tambi\u00e9n pueden recoger la compra en\u00a0nuestra tienda f\u00edsica, cuyo domicilio es el del titular, sin ning\u00fan coste. Realizando el pedido por la web, correo electr\u00f3nico o tel\u00e9fono, un d\u00eda antes m\u00ednimo de querer recoger el pedido.<\/li>\n<\/ul>\n<p style=\"text-align: justify;\"><strong>3.- Observaciones.<\/strong><\/p>\n<ul>\n<li style=\"text-align: justify;\">En el caso de producirse demoras en dichos plazos, siendo por causas ajenas a nuestra voluntad, no se generar\u00e1 ning\u00fan derecho de indemnizaci\u00f3n a favor de los clientes, a quienes se les informar\u00e1 de la demora.<\/li>\n<li style=\"text-align: justify;\">El titular se reserva el derecho de cancelar el pedido, por falta de stock o causas ajenas a la empresa, previo aviso por email o tel\u00e9fono. En caso de cancelaci\u00f3n se le devolver\u00e1 el dinero depositado en el menor tiempo posible.<\/li>\n<\/ul>","protected":false},"excerpt":{"rendered":"<p>Env\u00edos y portes 1.-Titularidad del Sitio Web (el titular). Nombre: Sara G\u00f3mez Carrillo CIF\/NIF\/NIE: 76248291-W Domicilio:\u00a0Plaza de la Amistad, 5.\u00a0Puebla de la Calzada.\u00a006490 Badajoz Tel\u00e9fonos:\u00a0+34 689 45 55 08 Correo electr\u00f3nico: sara@sagoca.com 2.-Precios. Precio fijo: 5,00 \u20ac | Env\u00edos gratis para compras superiores a 50,00 \u20ac. El tiempo de entrega es de 7-10 d\u00edas si [&hellip;]<\/p>\n","protected":false},"author":1,"featured_media":0,"parent":0,"menu_order":0,"comment_status":"closed","ping_status":"closed","template":"","meta":{"footnotes":""},"class_list":["post-54","page","type-page","status-publish","hentry"],"blocksy_meta":[],"_links":{"self":[{"href":"https:\/\/sagoca.com\/en\/wp-json\/wp\/v2\/pages\/54","targetHints":{"allow":["GET"]}}],"collection":[{"href":"https:\/\/sagoca.com\/en\/wp-json\/wp\/v2\/pages"}],"about":[{"href":"https:\/\/sagoca.com\/en\/wp-json\/wp\/v2\/types\/page"}],"author":[{"embeddable":true,"href":"https:\/\/sagoca.com\/en\/wp-json\/wp\/v2\/users\/1"}],"replies":[{"embeddable":true,"href":"https:\/\/sagoca.com\/en\/wp-json\/wp\/v2\/comments?post=54"}],"version-history":[{"count":0,"href":"https:\/\/sagoca.com\/en\/wp-json\/wp\/v2\/pages\/54\/revisions"}],"wp:attachment":[{"href":"https:\/\/sagoca.com\/en\/wp-json\/wp\/v2\/media?parent=54"}],"curies":[{"name":"wp","href":"https:\/\/api.w.org\/{rel}","templated":true}]}}