{"id":52,"date":"2023-10-30T16:14:13","date_gmt":"2023-10-30T15:14:13","guid":{"rendered":"https:\/\/sagoca.com\/?page_id=52"},"modified":"2023-10-30T19:47:43","modified_gmt":"2023-10-30T18:47:43","slug":"metodos-de-pago","status":"publish","type":"page","link":"https:\/\/sagoca.com\/en\/metodos-de-pago\/","title":{"rendered":"M\u00e9todos de pago"},"content":{"rendered":"<h2 style=\"text-align: justify;\">M\u00e9todos de pago<\/h2>\n<p style=\"text-align: justify;\"><strong>1.-Titularidad del Sitio Web (el titular).<\/strong><\/p>\n<ul style=\"text-align: justify;\">\n<li>Nombre: <strong><a href=\"https:\/\/sagoca.com\/en\/\">Sara G\u00f3mez Carrillo<\/a><\/strong><\/li>\n<li>CIF\/NIF\/NIE: <strong>76248291-W<\/strong><\/li>\n<li>Domicilio:\u00a0<a href=\"https:\/\/sagoca.com\/en\/contactar\/\"><strong>Plaza de la Amistad, 5.\u00a0Puebla de la Calzada.\u00a006490 Badajoz<\/strong><\/a><\/li>\n<li>Tel\u00e9fonos:\u00a0<strong>+34 689 45 55 08<\/strong><\/li>\n<li>Correo electr\u00f3nico: <strong><a href=\"mailto:sara@sagoca.com\" target=\"_blank\" rel=\"noopener\">sara@sagoca.com<\/a><\/strong><\/li>\n<\/ul>\n<p style=\"text-align: justify;\"><strong>2.-Transferencia bancaria.<\/strong><\/p>\n<ul style=\"text-align: justify;\">\n<li>Realizando transferencia a nuestro n\u00famero de cuenta, que le aparecer\u00e1 a la hora de realizar el pedido, y envi\u00e1ndonos el justificante por correo electr\u00f3nico a la cuenta del titular,\u00a0para que lo comprobemos y procedamos a realizar el env\u00edo, agilizando el tiempo. Hasta que no tengamos el dinero en nuestra cuenta no procederemos a realizar el env\u00edo, contando a partir de entonces el tiempo de env\u00edo.<\/li>\n<\/ul>\n<p style=\"text-align: justify;\"><strong>3.-Bizum.<\/strong><\/p>\n<ul style=\"text-align: justify;\">\n<li>Enviando desde la APP de su m\u00f3vil un Bizum al tel\u00e9fono que le aparecer\u00e1 a la hora de realizar el pedido, y envi\u00e1ndonos el justificante por correo electr\u00f3nico a la cuenta del titular,\u00a0para que lo comprobemos y procedamos a realizar el env\u00edo, agilizando el tiempo. Hasta que no tengamos el dinero en nuestra cuenta no procederemos a realizar el env\u00edo, contando a partir de entonces el tiempo de env\u00edo.<\/li>\n<li>Usando la pasarela de pago de Bizum de la Web.<\/li>\n<\/ul>\n<p style=\"text-align: justify;\"><strong>4.-Paypal.<\/strong><\/p>\n<ul style=\"text-align: justify;\">\n<li>Puede pagarnos desde su cuenta de PayPal directamente o con su tarjeta de cr\u00e9dito o d\u00e9bito.<\/li>\n<\/ul>\n<p style=\"text-align: justify;\"><strong>5.-Tarjeta de cr\u00e9dito y\/o d\u00e9bito.<\/strong><\/p>\n<ul style=\"text-align: justify;\">\n<li>Aceptamos las principales tarjetas del mercado.<\/li>\n<\/ul>\n<p style=\"text-align: justify;\"><strong>6.-Pago en efectivo al\u00a0 recoger su pedido en nuestras instalaciones o asociados.<\/strong><\/p>\n<ul>\n<li style=\"text-align: justify;\">Si se va a recoger en nuestro almac\u00e9n, se puede abonar en efectivo en el momento de la recogida (s\u00f3lo productos en stock, en caso de no disponer de un producto en stock en el momento de realizar la compra, lo comunicaremos al cliente. Existe la posibilidad de que figure el productos en stock en la web y no quede en nuestros almacenes, en ese caso, no ser\u00eda posible este m\u00e9todo de pago.<\/li>\n<li style=\"text-align: justify;\">El pedido estar\u00e1 listo para recoger en 24\/48 h (productos que haya en stock), le enviaremos un correo en el momento que est\u00e9 para pasar a recogerlo.<\/li>\n<\/ul>","protected":false},"excerpt":{"rendered":"<p>M\u00e9todos de pago 1.-Titularidad del Sitio Web (el titular). Nombre: Sara G\u00f3mez Carrillo CIF\/NIF\/NIE: 76248291-W Domicilio:\u00a0Plaza de la Amistad, 5.\u00a0Puebla de la Calzada.\u00a006490 Badajoz Tel\u00e9fonos:\u00a0+34 689 45 55 08 Correo electr\u00f3nico: sara@sagoca.com 2.-Transferencia bancaria. Realizando transferencia a nuestro n\u00famero de cuenta, que le aparecer\u00e1 a la hora de realizar el pedido, y envi\u00e1ndonos el justificante [&hellip;]<\/p>\n","protected":false},"author":1,"featured_media":0,"parent":0,"menu_order":0,"comment_status":"closed","ping_status":"closed","template":"","meta":{"footnotes":""},"class_list":["post-52","page","type-page","status-publish","hentry"],"blocksy_meta":[],"_links":{"self":[{"href":"https:\/\/sagoca.com\/en\/wp-json\/wp\/v2\/pages\/52","targetHints":{"allow":["GET"]}}],"collection":[{"href":"https:\/\/sagoca.com\/en\/wp-json\/wp\/v2\/pages"}],"about":[{"href":"https:\/\/sagoca.com\/en\/wp-json\/wp\/v2\/types\/page"}],"author":[{"embeddable":true,"href":"https:\/\/sagoca.com\/en\/wp-json\/wp\/v2\/users\/1"}],"replies":[{"embeddable":true,"href":"https:\/\/sagoca.com\/en\/wp-json\/wp\/v2\/comments?post=52"}],"version-history":[{"count":0,"href":"https:\/\/sagoca.com\/en\/wp-json\/wp\/v2\/pages\/52\/revisions"}],"wp:attachment":[{"href":"https:\/\/sagoca.com\/en\/wp-json\/wp\/v2\/media?parent=52"}],"curies":[{"name":"wp","href":"https:\/\/api.w.org\/{rel}","templated":true}]}}